{"id":219930,"date":"2021-04-27T16:15:28","date_gmt":"2021-04-27T21:15:28","guid":{"rendered":"https:\/\/origendecostore.com\/?post_type=product&#038;p=219930"},"modified":"2025-03-23T14:55:45","modified_gmt":"2025-03-23T19:55:45","slug":"cuadros-colmena","status":"publish","type":"product","link":"https:\/\/origendecostore.com\/index.php\/product\/cuadros-colmena\/","title":{"rendered":"Cuadros Colmena"},"content":{"rendered":"<p><strong>Ecol\u00f3gico y De Alta Resoluci\u00f3n (FULL HD):<\/strong><br \/>\n\u2022 Tintas UV EPSON<br \/>\n\u2022 Impresiones digitales de alta calidad sobre Vinilo Adhesivo y Retablo 3mm<br \/>\n<strong>Nuestras Colmenas:<\/strong><br \/>\n\u2022 Materiales madera MDF 3mm en relieve.<br \/>\n\u2022 Listos para regalar y colgar<br \/>\n<strong>Medidas:<\/strong><br \/>\n\u2022 Cada colmena mide <strong>24&#215;21<\/strong> cm lista para instalar.<br \/>\n<strong>PARA ENVIAR TU FOTO HAY DOS OPCIONES:<\/strong><br \/>\n<em><strong>OPCION 1<\/strong><\/em><br \/>\n\u2022\u00a0<em><strong>Primero:<\/strong><\/em>\u00a0<strong>Al<\/strong>\u00a0<strong>a\u00f1adir al carrito tu compra,<\/strong> tener lista tus fotos escogidas.<br \/>\n\u2022\u00a0<strong><em>Segundo:<\/em><\/strong>\u00a0<strong>Al finalizar la compra,<\/strong>\u00a0adjuntar la(s) foto(s) en el formulario.<br \/>\n<em><strong>OPCION 2<\/strong><\/em><br \/>\n\u2022\u00a0<strong>Enviar toda la informaci\u00f3n incluida las foto a el siguiente e-mail: <a href=\"mailto:info@origendecostore.com\">info@origendecostore.com<\/a><\/strong><\/p>\n<p><strong>Empaque para el Env\u00edo:<\/strong><br \/>\n\u2022 Embalaje en Cart\u00f3n con protecci\u00f3n en Poliestireno Expandido<br \/>\n\u2022 Caja de regalo completamente segura<br \/>\n\u2022 Protecci\u00f3n adicional con cinta alrededor para evitar que la caja se abra durante el transporte.<br \/>\n<strong>Fabricaci\u00f3n:<\/strong><br \/>\nOrigen Deco Store es una empresa colombiana con planta propia de producci\u00f3n, ubicada en la ciudad de Cartagena, cuanta con local f\u00edsico en el sitio m\u00e1s exclusivo de la ciudad. Producto de fabricaci\u00f3n nacional \/COLOMBIA<br \/>\n<strong>Tiempos de entrega:<\/strong><br \/>\nPor ser fabricantes directos sin intermediarios de producci\u00f3n nuestras entregas son de 5 a 8 d\u00edas h\u00e1biles.<br \/>\n<strong>Medios de pago:<\/strong><br \/>\nManejamos todos los medios de pago existentes en el mercado.<\/p>\n","protected":false},"excerpt":{"rendered":"<ul>\n<li>\n<h2><strong><span style=\"color: #ff00ff;\">CAJA ESTUCHE<\/span><\/strong><\/h2>\n<h2><strong><span style=\"color: #ff00ff;\">TARJETA DE REGALO<\/span><\/strong><\/h2>\n<\/li>\n<\/ul>\n","protected":false},"featured_media":219940,"comment_status":"open","ping_status":"closed","template":"","meta":{"_et_pb_use_builder":"off","_et_pb_old_content":"edicion larga","_et_gb_content_width":""},"product_cat":[65,45],"product_tag":[],"_links":{"self":[{"href":"https:\/\/origendecostore.com\/index.php\/wp-json\/wp\/v2\/product\/219930"}],"collection":[{"href":"https:\/\/origendecostore.com\/index.php\/wp-json\/wp\/v2\/product"}],"about":[{"href":"https:\/\/origendecostore.com\/index.php\/wp-json\/wp\/v2\/types\/product"}],"replies":[{"embeddable":true,"href":"https:\/\/origendecostore.com\/index.php\/wp-json\/wp\/v2\/comments?post=219930"}],"wp:featuredmedia":[{"embeddable":true,"href":"https:\/\/origendecostore.com\/index.php\/wp-json\/wp\/v2\/media\/219940"}],"wp:attachment":[{"href":"https:\/\/origendecostore.com\/index.php\/wp-json\/wp\/v2\/media?parent=219930"}],"wp:term":[{"taxonomy":"product_cat","embeddable":true,"href":"https:\/\/origendecostore.com\/index.php\/wp-json\/wp\/v2\/product_cat?post=219930"},{"taxonomy":"product_tag","embeddable":true,"href":"https:\/\/origendecostore.com\/index.php\/wp-json\/wp\/v2\/product_tag?post=219930"}],"curies":[{"name":"wp","href":"https:\/\/api.w.org\/{rel}","templated":true}]}}