{"id":220150,"date":"2021-07-28T15:46:17","date_gmt":"2021-07-28T20:46:17","guid":{"rendered":"https:\/\/origendecostore.com\/?post_type=product&#038;p=220150"},"modified":"2023-02-07T18:54:15","modified_gmt":"2023-02-07T23:54:15","slug":"cuadro-blue-concept-colibri-ii","status":"publish","type":"product","link":"https:\/\/origendecostore.com\/index.php\/product\/cuadro-blue-concept-colibri-ii\/","title":{"rendered":"Cuadro Blue Concept Colibri II"},"content":{"rendered":"<p><strong>Ecol\u00f3gico y De Alta Resoluci\u00f3n (FULL HD):<\/strong><br \/>\n\u2022 Tintas UV EPSON<br \/>\n\u2022 Impresiones digitales de alta calidad sobre tela Lienzo<br \/>\n<strong>Nuestros Lienzos:<\/strong><br \/>\n\u2022 Materiales UV lavables con agua y garant\u00eda en el exterior.<br \/>\n\u2022 Resistente a la decoloraci\u00f3n, el desgarro, el agua, los ara\u00f1azos y la deformaci\u00f3n.<br \/>\n<strong>Bastidores Duraderos:<\/strong><br \/>\n\u2022 Bastidores de madera de Pino Canadiense.<br \/>\n\u2022 Bastidores tamborados reforzados con tecnolog\u00eda neum\u00e1tica.<br \/>\n\u2022 Madera completamente curada.<br \/>\n<strong>Empaque para el Env\u00edo:<\/strong><br \/>\n\u2022 Embalaje en Cart\u00f3n con protecci\u00f3n en Poliestireno Expandido<br \/>\n\u2022 4 esquineros de protecci\u00f3n en cart\u00f3n para la protecci\u00f3n de la estructura.<br \/>\n\u2022 Protecci\u00f3n adicional con cinta alrededor para evitar que la caja se abra durante el transporte.<br \/>\n<strong>Fabricaci\u00f3n:<\/strong><br \/>\nOrigen Deco Store es una empresa colombiana con planta propia de producci\u00f3n, ubicada en la ciudad de Cartagena, cuanta con local f\u00edsico en el sitio m\u00e1s exclusivo de la ciudad. Producto de fabricaci\u00f3n nacional \/COLOMBIA<br \/>\n<strong>Tiempos de entrega:<\/strong><br \/>\nPor ser fabricantes directos sin intermediarios de producci\u00f3n nuestras entregas son de 5 a 8 d\u00edas h\u00e1biles.<br \/>\n<strong>Medios de pago:<\/strong><br \/>\nManejamos todos los medios de pago existentes en el mercado.<\/p>\n","protected":false},"excerpt":{"rendered":"<h3><strong>COLECCION COLIBRI II<br \/>\n<\/strong><\/h3>\n","protected":false},"featured_media":220059,"comment_status":"open","ping_status":"closed","template":"","meta":{"_et_pb_use_builder":"","_et_pb_old_content":"","_et_gb_content_width":""},"product_cat":[90],"product_tag":[],"_links":{"self":[{"href":"https:\/\/origendecostore.com\/index.php\/wp-json\/wp\/v2\/product\/220150"}],"collection":[{"href":"https:\/\/origendecostore.com\/index.php\/wp-json\/wp\/v2\/product"}],"about":[{"href":"https:\/\/origendecostore.com\/index.php\/wp-json\/wp\/v2\/types\/product"}],"replies":[{"embeddable":true,"href":"https:\/\/origendecostore.com\/index.php\/wp-json\/wp\/v2\/comments?post=220150"}],"wp:featuredmedia":[{"embeddable":true,"href":"https:\/\/origendecostore.com\/index.php\/wp-json\/wp\/v2\/media\/220059"}],"wp:attachment":[{"href":"https:\/\/origendecostore.com\/index.php\/wp-json\/wp\/v2\/media?parent=220150"}],"wp:term":[{"taxonomy":"product_cat","embeddable":true,"href":"https:\/\/origendecostore.com\/index.php\/wp-json\/wp\/v2\/product_cat?post=220150"},{"taxonomy":"product_tag","embeddable":true,"href":"https:\/\/origendecostore.com\/index.php\/wp-json\/wp\/v2\/product_tag?post=220150"}],"curies":[{"name":"wp","href":"https:\/\/api.w.org\/{rel}","templated":true}]}}